{"id":13,"date":"2018-06-01T12:06:13","date_gmt":"2018-06-01T10:06:13","guid":{"rendered":"http:\/\/mvh-bigband.de\/?page_id=13"},"modified":"2026-02-16T20:22:46","modified_gmt":"2026-02-16T18:22:46","slug":"willkommen","status":"publish","type":"page","link":"https:\/\/mvh-bigband.de\/","title":{"rendered":"MVH Bigband"},"content":{"rendered":"\n<p><\/p>\n\n\n\n<p class=\"has-text-align-left\"><strong>Vatertag, Donnerstag, 14.05.<span style=\"color: #ff0000;\"><mark style=\"background-color:rgba(0, 0, 0, 0)\" class=\"has-inline-color has-black-color\">2026<\/mark><\/span> um<span style=\"color: #ff0000;\"> <\/span>12:00 Uhr<\/strong> <br><a href=\"http:\/\/www.dhomwein.de\/\" data-type=\"link\" data-id=\"http:\/\/www.dhomwein.de\/\" target=\"_blank\" rel=\"noreferrer noopener\">Weingut Peter Dhom<\/a>, Jakob-Braunwart-Weg 3, 55129 Mainz<\/p>\n\n\n\n<p>Open Air, Speisen &amp; Getr\u00e4nke gibt es \u00fcber die Strau\u00dfwirtschaft Peter Dhom. Platzreservierung ist sinnvoll. <\/p>\n\n\n\n<p>Routenplaner &amp; Kontakt <a href=\"http:\/\/winzerfamilie-peter-dhom.de\/kontakt\/\" data-type=\"link\" data-id=\"http:\/\/winzerfamilie-peter-dhom.de\/kontakt\/\">klick &#8230;<\/a><\/p>\n\n\n\n<p>Eintritt frei, Spende erbeten &#8230;<\/p>\n\n\n\n<p>weitere Termine, Details folgen &#8230;<\/p>\n\n\n\n<p><br><strong>Samstag, 7.11.<span style=\"color: #ff0000;\"><mark style=\"background-color:rgba(0, 0, 0, 0)\" class=\"has-inline-color has-black-color\">2026<\/mark><\/span>, Swinging Hexem<\/strong><\/p>\n\n\n\n<p> <br> <br><\/p>\n\n\n\n<p><\/p>\n\n\n\n<p>_________________________________________________________________________________<\/p>\n\n\n\n<p class=\"has-medium-font-size\" style=\"font-style:normal;font-weight:400\">Die Bigband ist das Orchester des Musikvereins Hechtsheim 1903 e.V.<br>In klassischer Bigband Besetzung spielen wir unter Leitung von Francois Heun bei Musik-, Stadt-, Firmen-, Familien- und Hoffesten sowie bei privaten und wohlt\u00e4tigen Veranstaltungen.<\/p>\n\n\n\n<p>Besucht uns auch auf <a rel=\"me noopener noreferrer\" href=\"http:\/\/www.facebook.com\/mvhbigband\" target=\"_blank\">www.Facebook.com\/mvhbigband<\/a> und <a href=\"https:\/\/www.instagram.com\/mvh_bigband\/\" target=\"_blank\" rel=\"noreferrer noopener\">www.instagram.com\/mvh_bigband<\/a><br>Dort gibt es aktuelle Bilder und Fotoalben. Wir freuen uns \u00fcber Euren Like!<\/p>\n\n\n\n<p><\/p>\n\n\n\n<p><\/p>\n","protected":false},"excerpt":{"rendered":"<p>Vatertag, Donnerstag, 14.05.2026 um 12:00 Uhr Weingut Peter Dhom, Jakob-Braunwart-Weg 3, 55129 Mainz Open Air, Speisen &amp; Getr\u00e4nke gibt es \u00fcber die Strau\u00dfwirtschaft Peter Dhom. Platzreservierung ist sinnvoll. Routenplaner &amp; Kontakt klick &#8230; Eintritt frei, Spende erbeten &#8230; weitere Termine, Details folgen &#8230; Samstag, 7.11.2026, Swinging Hexem _________________________________________________________________________________ Die Bigband [\u2026] <\/p>\n<div class=\"clear\"><\/div>\n<p><a class=\"more_link clearfix\" href=\"https:\/\/mvh-bigband.de\/\" rel=\"nofollow\">Read More &rarr;<\/a><\/p>\n","protected":false},"author":1,"featured_media":8,"parent":0,"menu_order":0,"comment_status":"closed","ping_status":"closed","template":"templates\/full-width.php","meta":{"footnotes":""},"class_list":["post-13","page","type-page","status-publish","has-post-thumbnail","hentry"],"_links":{"self":[{"href":"https:\/\/mvh-bigband.de\/index.php?rest_route=\/wp\/v2\/pages\/13","targetHints":{"allow":["GET"]}}],"collection":[{"href":"https:\/\/mvh-bigband.de\/index.php?rest_route=\/wp\/v2\/pages"}],"about":[{"href":"https:\/\/mvh-bigband.de\/index.php?rest_route=\/wp\/v2\/types\/page"}],"author":[{"embeddable":true,"href":"https:\/\/mvh-bigband.de\/index.php?rest_route=\/wp\/v2\/users\/1"}],"replies":[{"embeddable":true,"href":"https:\/\/mvh-bigband.de\/index.php?rest_route=%2Fwp%2Fv2%2Fcomments&post=13"}],"version-history":[{"count":78,"href":"https:\/\/mvh-bigband.de\/index.php?rest_route=\/wp\/v2\/pages\/13\/revisions"}],"predecessor-version":[{"id":274,"href":"https:\/\/mvh-bigband.de\/index.php?rest_route=\/wp\/v2\/pages\/13\/revisions\/274"}],"wp:featuredmedia":[{"embeddable":true,"href":"https:\/\/mvh-bigband.de\/index.php?rest_route=\/wp\/v2\/media\/8"}],"wp:attachment":[{"href":"https:\/\/mvh-bigband.de\/index.php?rest_route=%2Fwp%2Fv2%2Fmedia&parent=13"}],"curies":[{"name":"wp","href":"https:\/\/api.w.org\/{rel}","templated":true}]}}