{"id":31,"date":"2018-06-01T12:39:59","date_gmt":"2018-06-01T10:39:59","guid":{"rendered":"https:\/\/mvh-bigband.de\/?page_id=31"},"modified":"2023-01-30T21:24:11","modified_gmt":"2023-01-30T19:24:11","slug":"impressum","status":"publish","type":"page","link":"https:\/\/mvh-bigband.de\/?page_id=31","title":{"rendered":"Impressum"},"content":{"rendered":"<h3>Autor dieser Seiten ist der Musikverein Hechtsheim 1903 e.V.<a href=\"mailto:info@mvh-bigband.de\"><img loading=\"lazy\" decoding=\"async\" src=\"file:\/\/\/V:\/Online%20Themen\/website%20design\/wsb4624539802\/resources\/infomvh.jpg\" width=\"157\" height=\"28\" border=\"0\" \/><\/a><\/h3>\n<p><img loading=\"lazy\" decoding=\"async\" class=\"alignnone size-full wp-image-209\" src=\"https:\/\/mvh-bigband.de\/wp-content\/uploads\/2023\/01\/MVH-Kontaktdatenbild-2023.png\" alt=\"\" width=\"300\" height=\"222\" srcset=\"https:\/\/mvh-bigband.de\/wp-content\/uploads\/2023\/01\/MVH-Kontaktdatenbild-2023.png 300w, https:\/\/mvh-bigband.de\/wp-content\/uploads\/2023\/01\/MVH-Kontaktdatenbild-2023-200x148.png 200w\" sizes=\"auto, (max-width: 300px) 100vw, 300px\" \/><br \/>\nDie Nutzung der im Rahmen des Impressums, Kontakte oder vergleichbarer Angaben ver\u00f6ffentlichten Kontaktdaten wie Postanschriften, Telefon- und Faxnummern sowie E-Mail-Adressen durch Dritte, zur \u00dcbersendung von nicht ausdr\u00fccklich angeforderten Informationen, ist nicht gestattet. Rechtliche Schritte gegen die Versender von sogenannten Spam-Mails bei Verst\u00f6ssen gegen dieses Verbot sind ausdr\u00fccklich vorbehalten.<\/p>\n<p><strong>Urheber- \/ Kennzeichnungsrecht<\/strong><\/p>\n<p>Die Inhalte des Musikvereins Hechtsheim 1903 e.V. sind urheberrechtlich gesch\u00fctzt und d\u00fcrfen weder vollst\u00e4ndig noch teilweise ohne vorherige schriftliche Genehmigung des Urhebers kopiert, weitergegeben und\/oder ver\u00f6ffentlicht oder in einem Informationssystem gespeichert oder in sonstiger Weise verbreitet oder verarbeitet werden.<\/p>\n<p>Alle Rechte an selbst erstellten Inhalten und Werken bleiben ausschlie\u00dflich dem Musikverein Hechtsheim 1903 e.V. vorbehalten.<\/p>\n<p>Soweit die Inhalte und Werke auf dieser Seite nicht vom Betreiber erstellt wurden, werden die Urheberrechte Dritter beachtet. Insbesondere werden Inhalte Dritter als solche gekennzeichnet. Sollten Sie trotzdem auf eine Urheberrechtsverletzung aufmerksam werden, bitten wir um einen entsprechenden Hinweis. Bei Bekanntwerden von Rechtsverletzungen werden wir derartige Inhalte umgehend entfernen.<\/p>\n<p>Quelle Hintergrundbild: Fotolia_127985950_L, Copyright Tom Cassidy 2013, bezogen von www.fotolia.de\u00a0 am 01.06.2018.<\/p>\n<p><strong>Verweise und Links<\/strong><\/p>\n<p>Das Angebot des Betreibers enth\u00e4lt Links zu externen Websites Dritter, auf deren Inhalte er keinen Einfluss hat. Deshalb wird f\u00fcr diese fremden Inhalte auch keine Gew\u00e4hr \u00fcbernommen. F\u00fcr die Inhalte der verlinkten Seiten ist stets der jeweilige Anbieter oder Betreiber der Seiten verantwortlich. Die verlinkten Seiten wurden zum Zeitpunkt der Verlinkung auf m\u00f6gliche Rechtsverst\u00f6\u00dfe \u00fcberpr\u00fcft. Rechtswidrige Inhalte waren zum Zeitpunkt der Verlinkung nicht erkennbar.<\/p>\n<p>Eine permanente inhaltliche Kontrolle der verlinkten Seiten ist jedoch ohne konkrete Anhaltspunkte einer Rechtsverletzung nicht zumutbar. Bei Bekanntwerden von Rechtsverletzungen werden derartige Links umgehend entfernt.<\/p>\n<p>F\u00fcr illegale, fehlerhafte oder unvollst\u00e4ndige Inhalte und insbesondere f\u00fcr Sch\u00e4den, die aus der Nutzung derart dargebotener Informationen entstehen, haftet allein der Anbieter der verlinkten oder verkn\u00fcpften Seite.<\/p>\n<p><a href=\"https:\/\/mvh-bigband.de\/?page_id=16\"><strong>Datenschutzerkl\u00e4rung<\/strong><\/a><\/p>\n","protected":false},"excerpt":{"rendered":"<p>Autor dieser Seiten ist der Musikverein Hechtsheim 1903 e.V. Die Nutzung der im Rahmen des Impressums, Kontakte oder vergleichbarer Angaben ver\u00f6ffentlichten Kontaktdaten wie Postanschriften, Telefon- und Faxnummern sowie E-Mail-Adressen durch Dritte, zur \u00dcbersendung von nicht ausdr\u00fccklich angeforderten Informationen, ist nicht gestattet. Rechtliche Schritte gegen die Versender von sogenannten Spam-Mails bei [\u2026] <\/p>\n<div class=\"clear\"><\/div>\n<p><a class=\"more_link clearfix\" href=\"https:\/\/mvh-bigband.de\/?page_id=31\" rel=\"nofollow\">Read More &rarr;<\/a><\/p>\n","protected":false},"author":1,"featured_media":0,"parent":0,"menu_order":0,"comment_status":"closed","ping_status":"closed","template":"templates\/full-width.php","meta":{"footnotes":""},"class_list":["post-31","page","type-page","status-publish","hentry"],"_links":{"self":[{"href":"https:\/\/mvh-bigband.de\/index.php?rest_route=\/wp\/v2\/pages\/31","targetHints":{"allow":["GET"]}}],"collection":[{"href":"https:\/\/mvh-bigband.de\/index.php?rest_route=\/wp\/v2\/pages"}],"about":[{"href":"https:\/\/mvh-bigband.de\/index.php?rest_route=\/wp\/v2\/types\/page"}],"author":[{"embeddable":true,"href":"https:\/\/mvh-bigband.de\/index.php?rest_route=\/wp\/v2\/users\/1"}],"replies":[{"embeddable":true,"href":"https:\/\/mvh-bigband.de\/index.php?rest_route=%2Fwp%2Fv2%2Fcomments&post=31"}],"version-history":[{"count":7,"href":"https:\/\/mvh-bigband.de\/index.php?rest_route=\/wp\/v2\/pages\/31\/revisions"}],"predecessor-version":[{"id":210,"href":"https:\/\/mvh-bigband.de\/index.php?rest_route=\/wp\/v2\/pages\/31\/revisions\/210"}],"wp:attachment":[{"href":"https:\/\/mvh-bigband.de\/index.php?rest_route=%2Fwp%2Fv2%2Fmedia&parent=31"}],"curies":[{"name":"wp","href":"https:\/\/api.w.org\/{rel}","templated":true}]}}