{"id":49,"date":"2018-06-01T13:44:12","date_gmt":"2018-06-01T11:44:12","guid":{"rendered":"https:\/\/mvh-bigband.de\/?page_id=49"},"modified":"2018-06-01T14:05:52","modified_gmt":"2018-06-01T12:05:52","slug":"historie","status":"publish","type":"page","link":"https:\/\/mvh-bigband.de\/?page_id=49","title":{"rendered":"MVH Historie"},"content":{"rendered":"<p><img loading=\"lazy\" decoding=\"async\" class=\"wp-image-50 alignleft\" src=\"https:\/\/mvh-bigband.de\/wp-content\/uploads\/2018\/06\/wsb_516x360_MVHinden50ern-300x209.jpg\" alt=\"\" width=\"389\" height=\"271\" srcset=\"https:\/\/mvh-bigband.de\/wp-content\/uploads\/2018\/06\/wsb_516x360_MVHinden50ern-300x209.jpg 300w, https:\/\/mvh-bigband.de\/wp-content\/uploads\/2018\/06\/wsb_516x360_MVHinden50ern-79x55.jpg 79w, https:\/\/mvh-bigband.de\/wp-content\/uploads\/2018\/06\/wsb_516x360_MVHinden50ern-200x140.jpg 200w, https:\/\/mvh-bigband.de\/wp-content\/uploads\/2018\/06\/wsb_516x360_MVHinden50ern.jpg 516w\" sizes=\"auto, (max-width: 389px) 100vw, 389px\" \/><\/p>\n<p>Nach Gr\u00fcndung in 1903 war der Musikverein Hechtsheim in verschiedenen Besetzungen, (Salon-Orchester, Blaskapelle, Combo), unterbrochen durch die Weltkriege, aktiv.<\/p>\n<p>In den 1950er Jahren wurde vorwiegend Blasmusik und Tanzmusik gespielt.<\/p>\n<p>Nach starkem Mitgliederschwund Mitte der 1960er Jahre Gr\u00fcndung einer Jugendgruppe durch Josef M\u00f6ller. Unterst\u00fctzt durch seinen Bruder Wilhelm \u00fcbernahm er die Ausbildung der jungen Musiker.<\/p>\n<p><img loading=\"lazy\" decoding=\"async\" class=\"wp-image-51 alignright\" src=\"https:\/\/mvh-bigband.de\/wp-content\/uploads\/2018\/06\/wsb_520x375_MVHBrassBandHechtsheim1978-300x216.jpg\" alt=\"\" width=\"414\" height=\"298\" srcset=\"https:\/\/mvh-bigband.de\/wp-content\/uploads\/2018\/06\/wsb_520x375_MVHBrassBandHechtsheim1978-300x216.jpg 300w, https:\/\/mvh-bigband.de\/wp-content\/uploads\/2018\/06\/wsb_520x375_MVHBrassBandHechtsheim1978-76x55.jpg 76w, https:\/\/mvh-bigband.de\/wp-content\/uploads\/2018\/06\/wsb_520x375_MVHBrassBandHechtsheim1978-200x144.jpg 200w, https:\/\/mvh-bigband.de\/wp-content\/uploads\/2018\/06\/wsb_520x375_MVHBrassBandHechtsheim1978.jpg 520w\" sizes=\"auto, (max-width: 414px) 100vw, 414px\" \/><\/p>\n<p>&nbsp;<\/p>\n<p>&nbsp;<\/p>\n<p>Anfang der 1970er Jahre Tendenz zur Tanzband.<\/p>\n<p>1978:\u00a0 75-j\u00e4hriges Jubil\u00e4um als MVH Brass Band unter dem Vorsitz von Rainer Kerz und musikalischer Leitung durch Hans Werner Bau\u00df.<\/p>\n<p>&nbsp;<\/p>\n<p><img loading=\"lazy\" decoding=\"async\" class=\"size-medium wp-image-52 alignleft\" src=\"https:\/\/mvh-bigband.de\/wp-content\/uploads\/2018\/06\/wsb_516x379_MVHFastnachtBudenheim1998-300x220.jpg\" alt=\"\" width=\"300\" height=\"220\" srcset=\"https:\/\/mvh-bigband.de\/wp-content\/uploads\/2018\/06\/wsb_516x379_MVHFastnachtBudenheim1998-300x220.jpg 300w, https:\/\/mvh-bigband.de\/wp-content\/uploads\/2018\/06\/wsb_516x379_MVHFastnachtBudenheim1998-75x55.jpg 75w, https:\/\/mvh-bigband.de\/wp-content\/uploads\/2018\/06\/wsb_516x379_MVHFastnachtBudenheim1998-200x147.jpg 200w, https:\/\/mvh-bigband.de\/wp-content\/uploads\/2018\/06\/wsb_516x379_MVHFastnachtBudenheim1998.jpg 516w\" sizes=\"auto, (max-width: 300px) 100vw, 300px\" \/><\/p>\n<p>&nbsp;<\/p>\n<p>1983: e.V. Status durch Neugr\u00fcndung unter Vorsitz von Stephan Lehr.<\/p>\n<p>Musikalische Schwerpunkte:<br \/>\nTanz- und Unterhaltungsmusik, auch Sitzungskapelle an Fastnacht.<a href=\"http:\/\/www.msschmitt-musik.de\"><img loading=\"lazy\" decoding=\"async\" class=\" wp-image-53 alignright\" src=\"https:\/\/mvh-bigband.de\/wp-content\/uploads\/2018\/06\/wsb_69x98_MartinSSchmittSW.jpg\" alt=\"\" width=\"90\" height=\"128\" srcset=\"https:\/\/mvh-bigband.de\/wp-content\/uploads\/2018\/06\/wsb_69x98_MartinSSchmittSW.jpg 69w, https:\/\/mvh-bigband.de\/wp-content\/uploads\/2018\/06\/wsb_69x98_MartinSSchmittSW-39x55.jpg 39w\" sizes=\"auto, (max-width: 90px) 100vw, 90px\" \/><\/a><br \/>\nSeit 1990 zunehmend Big Band Jazz.<\/p>\n<p>2002: <a href=\"http:\/\/www.msschmitt-musik.de\">Martin S. Schmitt<\/a> wird Dirigent und Ausbilder der MVH Big Band.<\/p>\n<p><img loading=\"lazy\" decoding=\"async\" class=\"size-medium wp-image-54 alignleft\" src=\"https:\/\/mvh-bigband.de\/wp-content\/uploads\/2018\/06\/wsb_513x383_MVHBigBandNauheim2006Titel-300x224.jpg\" alt=\"\" width=\"300\" height=\"224\" srcset=\"https:\/\/mvh-bigband.de\/wp-content\/uploads\/2018\/06\/wsb_513x383_MVHBigBandNauheim2006Titel-300x224.jpg 300w, https:\/\/mvh-bigband.de\/wp-content\/uploads\/2018\/06\/wsb_513x383_MVHBigBandNauheim2006Titel-74x55.jpg 74w, https:\/\/mvh-bigband.de\/wp-content\/uploads\/2018\/06\/wsb_513x383_MVHBigBandNauheim2006Titel-200x149.jpg 200w, https:\/\/mvh-bigband.de\/wp-content\/uploads\/2018\/06\/wsb_513x383_MVHBigBandNauheim2006Titel.jpg 513w\" sizes=\"auto, (max-width: 300px) 100vw, 300px\" \/><\/p>\n<p>&nbsp;<\/p>\n<p>2004 Vorsitzender: Ralf Peters.<\/p>\n<p>Erfolge der MVH Big Band bei Auftritten in Hechtsheim, Mainz, \u00fcberm Rhoi\u2019 in Nauheim und in Kirchheim-Bolanden (Pfalz).<\/p>\n<p><img loading=\"lazy\" decoding=\"async\" class=\"size-full wp-image-55 alignright\" src=\"https:\/\/mvh-bigband.de\/wp-content\/uploads\/2018\/06\/wsb_199x281_Plakat.jpg\" alt=\"\" width=\"199\" height=\"281\" srcset=\"https:\/\/mvh-bigband.de\/wp-content\/uploads\/2018\/06\/wsb_199x281_Plakat.jpg 199w, https:\/\/mvh-bigband.de\/wp-content\/uploads\/2018\/06\/wsb_199x281_Plakat-39x55.jpg 39w\" sizes=\"auto, (max-width: 199px) 100vw, 199px\" \/><\/p>\n<p>Musikfest Nauheim 2006.<\/p>\n<p>&nbsp;<\/p>\n<p>&nbsp;<\/p>\n<p>2006: <a href=\"http:\/\/www.swinging-hexem.de\" target=\"_blank\" rel=\"noopener\">Swinging Hexem<\/a> &#8211; das erste eigene Konzert seit 28 Jahren.<\/p>\n<p>&nbsp;<\/p>\n<p><img loading=\"lazy\" decoding=\"async\" class=\"size-medium wp-image-56 alignleft\" src=\"https:\/\/mvh-bigband.de\/wp-content\/uploads\/2018\/06\/wsb_429x285_MVH-BigbandSwingingHexem2008-300x199.jpg\" alt=\"\" width=\"300\" height=\"199\" srcset=\"https:\/\/mvh-bigband.de\/wp-content\/uploads\/2018\/06\/wsb_429x285_MVH-BigbandSwingingHexem2008-300x199.jpg 300w, https:\/\/mvh-bigband.de\/wp-content\/uploads\/2018\/06\/wsb_429x285_MVH-BigbandSwingingHexem2008-83x55.jpg 83w, https:\/\/mvh-bigband.de\/wp-content\/uploads\/2018\/06\/wsb_429x285_MVH-BigbandSwingingHexem2008-200x133.jpg 200w, https:\/\/mvh-bigband.de\/wp-content\/uploads\/2018\/06\/wsb_429x285_MVH-BigbandSwingingHexem2008.jpg 429w\" sizes=\"auto, (max-width: 300px) 100vw, 300px\" \/><\/p>\n<p>&nbsp;<\/p>\n<p>2007, 2008, &#8230;: <a href=\"http:\/\/www.swinging-hexem.de\" target=\"_blank\" rel=\"noopener\">Swinging Hexem<\/a> etabliert sich im Jahreskalender der Hechtsheimer Veranstaltungen.<\/p>\n","protected":false},"excerpt":{"rendered":"<p>Nach Gr\u00fcndung in 1903 war der Musikverein Hechtsheim in verschiedenen Besetzungen, (Salon-Orchester, Blaskapelle, Combo), unterbrochen durch die Weltkriege, aktiv. In den 1950er Jahren wurde vorwiegend Blasmusik und Tanzmusik gespielt. Nach starkem Mitgliederschwund Mitte der 1960er Jahre Gr\u00fcndung einer Jugendgruppe durch Josef M\u00f6ller. Unterst\u00fctzt durch seinen Bruder Wilhelm \u00fcbernahm er die [\u2026] <\/p>\n<div class=\"clear\"><\/div>\n<p><a class=\"more_link clearfix\" href=\"https:\/\/mvh-bigband.de\/?page_id=49\" rel=\"nofollow\">Read More &rarr;<\/a><\/p>\n","protected":false},"author":1,"featured_media":0,"parent":0,"menu_order":0,"comment_status":"closed","ping_status":"closed","template":"templates\/full-width.php","meta":{"footnotes":""},"class_list":["post-49","page","type-page","status-publish","hentry"],"_links":{"self":[{"href":"https:\/\/mvh-bigband.de\/index.php?rest_route=\/wp\/v2\/pages\/49","targetHints":{"allow":["GET"]}}],"collection":[{"href":"https:\/\/mvh-bigband.de\/index.php?rest_route=\/wp\/v2\/pages"}],"about":[{"href":"https:\/\/mvh-bigband.de\/index.php?rest_route=\/wp\/v2\/types\/page"}],"author":[{"embeddable":true,"href":"https:\/\/mvh-bigband.de\/index.php?rest_route=\/wp\/v2\/users\/1"}],"replies":[{"embeddable":true,"href":"https:\/\/mvh-bigband.de\/index.php?rest_route=%2Fwp%2Fv2%2Fcomments&post=49"}],"version-history":[{"count":4,"href":"https:\/\/mvh-bigband.de\/index.php?rest_route=\/wp\/v2\/pages\/49\/revisions"}],"predecessor-version":[{"id":65,"href":"https:\/\/mvh-bigband.de\/index.php?rest_route=\/wp\/v2\/pages\/49\/revisions\/65"}],"wp:attachment":[{"href":"https:\/\/mvh-bigband.de\/index.php?rest_route=%2Fwp%2Fv2%2Fmedia&parent=49"}],"curies":[{"name":"wp","href":"https:\/\/api.w.org\/{rel}","templated":true}]}}