{"id":77,"date":"2018-06-02T09:17:27","date_gmt":"2018-06-02T07:17:27","guid":{"rendered":"https:\/\/mvh-bigband.de\/?page_id=77"},"modified":"2023-01-30T21:55:30","modified_gmt":"2023-01-30T19:55:30","slug":"kontakt","status":"publish","type":"page","link":"https:\/\/mvh-bigband.de\/?page_id=77","title":{"rendered":"Kontakt"},"content":{"rendered":"<h1>Authentischer Bigband Sound f\u00fcr Ihre Veranstaltung<\/h1>\n<p>Die MVH Bigband gestaltet Ihre Veranstaltung oder Ihr Konzert mit Titeln von u.a. Glenn Miller, Count Basie, Frank Sinatra, &#8230; \u00fcber Antonio Carlos Jobim, Chick Corea bis Peter Herbolzheimer, Harry Connick Jr. und Roger Cicero.<\/p>\n<p>Gerne pr\u00fcfen wir die Spielf\u00e4higkeit und schicken Ihnen ein Angebot.<br \/>\nWir k\u00f6nnen Ihnen auch gerne Links zu H\u00f6rbeispielen und Videotrailer der MVH Bigband mailen.<\/p>\n<p>F\u00fcr Ihre Terminanfrage teilen Sie uns bitte per E-Mail oder Post folgende Informationen mit:<\/p>\n<p>Datum:\u00a0\u00a0\u00a0\u00a0 _________________\u00a0 Uhrzeit: _________________<br \/>\nVeranstaltungsort.: __________________________________<br \/>\nName:\u00a0\u00a0\u00a0 _____________________________________________<br \/>\nE-Mail:\u00a0\u00a0\u00a0 _____________________________________________<br \/>\nStra\u00dfe, Nr.:\u00a0 _________________________________________<br \/>\nPLZ:\u00a0 ____________\u00a0 Ort: _______________________________<\/p>\n<p><img loading=\"lazy\" decoding=\"async\" class=\"alignnone size-full wp-image-209\" src=\"https:\/\/mvh-bigband.de\/wp-content\/uploads\/2023\/01\/MVH-Kontaktdatenbild-2023.png\" alt=\"\" width=\"300\" height=\"222\" srcset=\"https:\/\/mvh-bigband.de\/wp-content\/uploads\/2023\/01\/MVH-Kontaktdatenbild-2023.png 300w, https:\/\/mvh-bigband.de\/wp-content\/uploads\/2023\/01\/MVH-Kontaktdatenbild-2023-200x148.png 200w\" sizes=\"auto, (max-width: 300px) 100vw, 300px\" \/><br \/>\n(aus Schutz vor Bots als Bild)<\/p>\n","protected":false},"excerpt":{"rendered":"<p>Authentischer Bigband Sound f\u00fcr Ihre Veranstaltung Die MVH Bigband gestaltet Ihre Veranstaltung oder Ihr Konzert mit Titeln von u.a. Glenn Miller, Count Basie, Frank Sinatra, &#8230; \u00fcber Antonio Carlos Jobim, Chick Corea bis Peter Herbolzheimer, Harry Connick Jr. und Roger Cicero. Gerne pr\u00fcfen wir die Spielf\u00e4higkeit und schicken Ihnen ein [\u2026] <\/p>\n<div class=\"clear\"><\/div>\n<p><a class=\"more_link clearfix\" href=\"https:\/\/mvh-bigband.de\/?page_id=77\" rel=\"nofollow\">Read More &rarr;<\/a><\/p>\n","protected":false},"author":1,"featured_media":0,"parent":0,"menu_order":0,"comment_status":"closed","ping_status":"closed","template":"templates\/full-width.php","meta":{"footnotes":""},"class_list":["post-77","page","type-page","status-publish","hentry"],"_links":{"self":[{"href":"https:\/\/mvh-bigband.de\/index.php?rest_route=\/wp\/v2\/pages\/77","targetHints":{"allow":["GET"]}}],"collection":[{"href":"https:\/\/mvh-bigband.de\/index.php?rest_route=\/wp\/v2\/pages"}],"about":[{"href":"https:\/\/mvh-bigband.de\/index.php?rest_route=\/wp\/v2\/types\/page"}],"author":[{"embeddable":true,"href":"https:\/\/mvh-bigband.de\/index.php?rest_route=\/wp\/v2\/users\/1"}],"replies":[{"embeddable":true,"href":"https:\/\/mvh-bigband.de\/index.php?rest_route=%2Fwp%2Fv2%2Fcomments&post=77"}],"version-history":[{"count":5,"href":"https:\/\/mvh-bigband.de\/index.php?rest_route=\/wp\/v2\/pages\/77\/revisions"}],"predecessor-version":[{"id":217,"href":"https:\/\/mvh-bigband.de\/index.php?rest_route=\/wp\/v2\/pages\/77\/revisions\/217"}],"wp:attachment":[{"href":"https:\/\/mvh-bigband.de\/index.php?rest_route=%2Fwp%2Fv2%2Fmedia&parent=77"}],"curies":[{"name":"wp","href":"https:\/\/api.w.org\/{rel}","templated":true}]}}